{"id":1016,"date":"2025-09-11T08:36:57","date_gmt":"2025-09-11T06:36:57","guid":{"rendered":"https:\/\/skillagility.com\/?page_id=1016"},"modified":"2026-03-27T10:39:35","modified_gmt":"2026-03-27T08:39:35","slug":"zuganglichkeitserklarung","status":"publish","type":"page","link":"https:\/\/skillagility.com\/de\/accessibility-statement\/","title":{"rendered":"Erkl\u00e4rung zur Zug\u00e4nglichkeit"},"content":{"rendered":"<h1 class=\"wp-block-heading\" id=\"accessibility-statement-for-services\">Zug\u00e4nglichkeitserkl\u00e4rung f\u00fcr Dienstleistungen<\/h1>\n\n\n\n<p>Im Rahmen unserer Erkl\u00e4rung zur Barrierefreiheit m\u00f6chten wir dir einen \u00dcberblick \u00fcber die Vereinbarkeit des\/der nachfolgend beschriebenen Dienstes\/Dienste mit den Anforderungen an die Barrierefreiheit geben, die in den gesetzlichen Bestimmungen (insbesondere im Barrierefreiheitsf\u00f6rderungsgesetz (BFSG)) festgelegt sind.<\/p>\n\n\n\n<h2 class=\"wp-block-heading\" id=\"information-about-the-service-provider\">Informationen \u00fcber den Dienstanbieter<\/h2>\n\n\n\n<p>SKILLAGILIT\u00c4T<br>Stefan Lachmann<br>Fuchsr\u00f6hre 9<br>23623 Ahrensb\u00f6k<br>Schleswig-Holstein<br>Deutschland<\/p>\n\n\n\n<h2 class=\"wp-block-heading\" id=\"general-description-of-the-service\">Allgemeine Beschreibung des Dienstes<\/h2>\n\n\n\n<p>Verkauf von Online-Kursen in unserem Shop www.skillagility.com<\/p>\n\n\n\n<h2 class=\"wp-block-heading\" id=\"explanations-on-the-implementation-of-the-service\">Erkl\u00e4rungen zur Umsetzung des Dienstes<\/h2>\n\n\n\n<p>Wir bieten Weiterbildungskurse \u00fcber unsere Website www.skillagility.com an. Wenn du dich auf der Website registrierst, kannst du Online-Kurse kaufen, die du belegen m\u00f6chtest, und den Kurs online \u00fcber diese Website abschlie\u00dfen. Alle Inhalte sind auf der Lernplattform www.skillagility.com verf\u00fcgbar. Du kannst auch unseren Newsletter abonnieren und aktiv an einer Online-Community teilnehmen, um dein Lernen zu vertiefen.<\/p>\n\n\n\n<h2 class=\"wp-block-heading\" id=\"status-of-compliance-with-requirements\">Status der Einhaltung der Anforderungen<\/h2>\n\n\n\n<p>Der oben erw\u00e4hnte Dienst entspricht vollst\u00e4ndig dem Gesetz zur Verbesserung der Barrierefreiheit (BFSG).<\/p>\n\n\n\n<h2 class=\"wp-block-heading\" id=\"preparation-of-the-accessibility-statement\">Erstellung der Zug\u00e4nglichkeitserkl\u00e4rung<\/h2>\n\n\n\n<p>Datum der Erstellung der Zug\u00e4nglichkeitserkl\u00e4rung: Juni 5, 2025<\/p>\n\n\n\n<p>Datum der letzten \u00dcberpr\u00fcfung der oben genannten Dienste im Hinblick auf die Anforderungen an die Barrierefreiheit: Juni 5, 2025<\/p>\n\n\n\n<h2 class=\"wp-block-heading\" id=\"assessment-of-the-status-of-accessibility\">Bewertung des Status der Barrierefreiheit<\/h2>\n\n\n\n<p>Die Bewertung des Status der Barrierefreiheit basiert auf unserer Selbsteinsch\u00e4tzung.<\/p>\n\n\n\n<h2 class=\"wp-block-heading\" id=\"feedback-option-and-contact-details\">Feedback-Option und Kontaktinformationen<\/h2>\n\n\n\n<p>Anschrift:<\/p>\n\n\n\n<p>Stefan Lachmann<br>Fuchsr\u00f6hre 9<br>23623 Ahrensb\u00f6k<br>Deutschland<\/p>\n\n\n\n<p>E-Mail: team@skillagility.com<br>Telefon: +49 1522 6809557<br>Link zur Website: <a href=\"https:\/\/skillagility.com\/de\/\">https:\/\/skillagility.com<\/a><\/p>","protected":false},"excerpt":{"rendered":"<p>Accessibility statement for services As part of our accessibility statement, we would like to provide you with an overview of the compatibility of the service(s) described below with the accessibility requirements set out in legal regulations (in particular the Accessibility Enhancement Act (BFSG)). Information about the service provider SKILLAGILTIYStefan LachmannFuchsr\u00f6hre 923623 Ahrensb\u00f6kSchleswig-HolsteinGermany General description of [&hellip;]<\/p>\n","protected":false},"author":2,"featured_media":0,"parent":0,"menu_order":0,"comment_status":"closed","ping_status":"closed","template":"","meta":{"_eb_attr":"","_gspb_post_css":"","_eb_data_table":"","footnotes":""},"folder":[40],"class_list":["post-1016","page","type-page","status-publish","hentry"],"blocksy_meta":{"has_hero_section":"disabled","styles_descriptor":{"styles":{"desktop":"","tablet":"","mobile":""},"google_fonts":[],"version":6}},"_links":{"self":[{"href":"https:\/\/skillagility.com\/de\/wp-json\/wp\/v2\/pages\/1016","targetHints":{"allow":["GET"]}}],"collection":[{"href":"https:\/\/skillagility.com\/de\/wp-json\/wp\/v2\/pages"}],"about":[{"href":"https:\/\/skillagility.com\/de\/wp-json\/wp\/v2\/types\/page"}],"author":[{"embeddable":true,"href":"https:\/\/skillagility.com\/de\/wp-json\/wp\/v2\/users\/2"}],"replies":[{"embeddable":true,"href":"https:\/\/skillagility.com\/de\/wp-json\/wp\/v2\/comments?post=1016"}],"version-history":[{"count":0,"href":"https:\/\/skillagility.com\/de\/wp-json\/wp\/v2\/pages\/1016\/revisions"}],"wp:attachment":[{"href":"https:\/\/skillagility.com\/de\/wp-json\/wp\/v2\/media?parent=1016"}],"wp:term":[{"taxonomy":"folder","embeddable":true,"href":"https:\/\/skillagility.com\/de\/wp-json\/wp\/v2\/folder?post=1016"}],"curies":[{"name":"wp","href":"https:\/\/api.w.org\/{rel}","templated":true}]}}