{"id":2,"date":"2023-11-10T11:15:04","date_gmt":"2023-11-10T11:15:04","guid":{"rendered":"https:\/\/startersites.io\/blocksy\/daily-news\/?page_id=2"},"modified":"2026-03-27T09:47:15","modified_gmt":"2026-03-27T07:47:15","slug":"uber-uns","status":"publish","type":"page","link":"https:\/\/skillagility.com\/de\/about-us\/","title":{"rendered":"\u00dcber uns"},"content":{"rendered":"<div class=\"wp-block-greenshift-blocks-row gspb_row gspb_row-id-gsbp-1eef764\" id=\"gspb_row-id-gsbp-1eef764\"><div class=\"gspb_row__content\"> \n<div class=\"wp-block-greenshift-blocks-row-column gspb_row__col--4 gspb_col-id-gsbp-d073a1a\" id=\"gspb_col-id-gsbp-d073a1a\">\n<div class=\"wp-block-greenshift-blocks-image gspb_image gspb_image-id-gsbp-91ce0d0\" id=\"gspb_image-id-gsbp-91ce0d0\"><img decoding=\"async\" src=\"https:\/\/skillagility.com\/wp-content\/uploads\/2025\/09\/Stefan-Lachmann.png\" data-src=\"\" alt=\"\" loading=\"lazy\" width=\"1030\" height=\"1385\"\/><\/div>\n<\/div>\n\n\n\n<div class=\"wp-block-greenshift-blocks-row-column gspb_row__col--8 gspb_col-id-gsbp-a087abd\" id=\"gspb_col-id-gsbp-a087abd\">\n<h2 class=\"wp-block-heading\" id=\"our-story-1\" style=\"font-size:clamp(28.836px, 1.802rem + ((1vw - 3.2px) * 1.653), 50px);font-style:normal;font-weight:300\">Meine Geschichte<\/h2>\n\n\n\n<p>Mein Name ist Stefan, und ich habe SKILLAGILITY aus einer einfachen, aber starken Idee heraus gegr\u00fcndet: In der heutigen schnelllebigen Welt sollte Lernen kein einmaliges Ereignis sein, sondern ein nahtloser, integrierter Teil deines Berufslebens. In den letzten 15 Jahren hatte ich das Privileg, Trainingsprogramme f\u00fcr Unternehmen zu entwerfen und durchzuf\u00fchren. Dabei habe ich aus erster Hand erfahren, wie gro\u00df die Kluft zwischen traditionellen, zeitaufw\u00e4ndigen Methoden und dem realen Bedarf an sofort anwendbaren F\u00e4higkeiten ist.<\/p>\n\n\n\n<p>Ich erkannte, dass es f\u00fcr Berufst\u00e4tige nicht nur schwierig ist, mit dem sich schnell ver\u00e4ndernden Gesch\u00e4ftsumfeld Schritt zu halten, ohne ihre t\u00e4gliche Arbeit zu unterbrechen, sondern dass sich diese Herausforderung oft auch auf ihr Privatleben auswirkt. Sie suchten nach einer besseren M\u00f6glichkeit, sich weiterzuentwickeln - eine, die praktisch und ansprechend ist und direkt mit ihren beruflichen Zielen und ihrer pers\u00f6nlichen Entwicklung zu tun hat.<\/p>\n\n\n\n<p>Deshalb nutze ich jetzt meine ganze Erfahrung, um die branchenorientierte Entwicklung f\u00fcr ein breiteres Publikum zu \u00f6ffnen. Ich habe SKILLAGILITY ins Leben gerufen, um diese L\u00fccke zu schlie\u00dfen und jeden zu bef\u00e4higen, greifbare und dauerhafte Erfolge zu erzielen, denn ich glaube, dass kontinuierliches Lernen ein wichtiger Bestandteil des Lebens eines jeden Menschen ist.<\/p>\n\n\n\n<blockquote class=\"wp-block-quote is-layout-flow wp-block-quote-is-layout-flow\">\n<p class=\"has-fira-sans-extra-condensed-font-family\" style=\"font-size:clamp(17.905px, 1.119rem + ((1vw - 3.2px) * 0.789), 28px);font-style:normal;font-weight:300;line-height:1.5\">Deshalb nutze ich jetzt meine ganze Erfahrung, um die branchenorientierte Entwicklung f\u00fcr ein breiteres Publikum zu \u00f6ffnen. Ich habe SKILLAGILITY ins Leben gerufen, um diese L\u00fccke zu schlie\u00dfen und jeden zu bef\u00e4higen, greifbare und dauerhafte Erfolge zu erzielen, denn ich glaube, dass kontinuierliches Lernen ein wichtiger Teil des Lebens eines jeden Menschen und des \u00d6kosystems eines Unternehmens ist.<\/p>\n<\/blockquote>\n<\/div>\n <\/div><\/div>\n\n\n\n<section class=\"wp-block-greenshift-blocks-row gspb_row gspb_row-id-gsbp-c367e30 gspb_row--gutter-20\" id=\"gspb_row-id-gsbp-c367e30\"><div class=\"gspb_row__content\"> \n<div class=\"wp-block-greenshift-blocks-row-column gspb_row__col--4 gspb_col-id-gsbp-0408ba5\" id=\"gspb_col-id-gsbp-0408ba5\"><\/div>\n\n\n\n<div class=\"wp-block-greenshift-blocks-row-column gspb_row__col--8 gspb_col-id-gsbp-4aca190\" id=\"gspb_col-id-gsbp-4aca190\"><\/div>\n <\/div><\/section>\n\n\n\n<section class=\"wp-block-greenshift-blocks-row gspb_row gspb_row-id-gsbp-2311965\" id=\"gspb_row-id-gsbp-2311965\"><div class=\"gspb_row__content\"> \n<div class=\"wp-block-greenshift-blocks-row-column gspb_row__col--6 gspb_col-id-gsbp-344a5fc\" id=\"gspb_col-id-gsbp-344a5fc\">\n<div class=\"wp-block-greenshift-blocks-container gspb_container gspb_container-gsbp-6811a8d\" id=\"gspb_container-id-gsbp-6811a8d\">\n<h2 class=\"wp-block-heading\" id=\"our-story-1\" style=\"font-size:clamp(28.836px, 1.802rem + ((1vw - 3.2px) * 1.653), 50px);font-style:normal;font-weight:300\">Unsere Vision<\/h2>\n\n\n\n<div id=\"gspb_text-id-gsbp-24c7a6a\" class=\"gspb_text gspb_text-id-gsbp-24c7a6a\">Eine Zukunft f\u00f6rdern, in der\u00a0<strong><mark style=\"background-color:rgba(0, 0, 0, 0)\" class=\"has-inline-color has-palette-color-13-color\">kontinuierliche Kompetenzentwicklung<\/mark><\/strong>\u00a0ist ein nat\u00fcrlicher, t\u00e4glicher Rhythmus, der die globale Karriereentwicklung und die organisatorische Flexibilit\u00e4t durch zug\u00e4ngliches, ansprechendes und praktisch anwendbares Lernen vorantreibt.<\/div>\n<\/div>\n<\/div>\n\n\n\n<div class=\"wp-block-greenshift-blocks-row-column gspb_row__col--6 gspb_col-id-gsbp-ef3d01d\" id=\"gspb_col-id-gsbp-ef3d01d\">\n<div class=\"wp-block-greenshift-blocks-container gspb_container gspb_container-gsbp-1769ce1\" id=\"gspb_container-id-gsbp-1769ce1\">\n<h2 class=\"wp-block-heading has-fira-sans-extra-condensed-font-family\" id=\"our-story-1\" style=\"font-size:clamp(28.836px, 1.802rem + ((1vw - 3.2px) * 1.653), 50px);font-style:normal;font-weight:300\">Unser Auftrag<\/h2>\n\n\n\n<div id=\"gspb_text-id-gsbp-53ee7ab\" class=\"gspb_text gspb_text-id-gsbp-53ee7ab\">Erm\u00e4chtigen<strong><mark style=\"background-color:rgba(0, 0, 0, 0)\" class=\"has-inline-color has-palette-color-13-color\">\u00a0Einzelpersonen, Teams und Organisationen<\/mark><\/strong> durch neurowissenschaftlich gest\u00fctztes Mikrolernen, Pr\u00e4zisionswerkzeuge und eine lebendige Community, die die berufliche Beherrschung nahtlos in den Arbeitsalltag integriert.<\/div>\n<\/div>\n<\/div>\n <\/div><\/section>\n\n\n\n<div class=\"wp-block-greenshift-blocks-row gspb_row gspb_row-id-gsbp-9e6b4b0\" id=\"gspb_row-id-gsbp-9e6b4b0\"><div class=\"gspb_row__content\"> \n<div class=\"wp-block-greenshift-blocks-row-column gspb_row__col--12 gspb_col-id-gsbp-bed9536\" id=\"gspb_col-id-gsbp-bed9536\">\n<h2 class=\"wp-block-heading has-text-align-center has-fira-sans-extra-condensed-font-family has-x-large-font-size\" id=\"our-story-1\" style=\"margin-top:var(--wp--preset--spacing--20);margin-bottom:var(--wp--preset--spacing--20);font-style:normal;font-weight:300\">Die SKILLAGILITY-DNA<\/h2>\n\n\n\n<div id=\"gspb_text-id-gsbp-26e6912\" class=\"gspb_text gspb_text-id-gsbp-26e6912\">Die Prinzipien, die jede Lernreise leiten, die wir gestalten.<\/div>\n<\/div>\n <\/div><\/div>\n\n\n\n<div class=\"wp-block-greenshift-blocks-row gspb_row gspb_row-id-gsbp-3f80021\" id=\"gspb_row-id-gsbp-3f80021\"><div class=\"gspb_row__content\"> \n<div class=\"wp-block-greenshift-blocks-row-column gspb_row__col--4 gspb_col-id-gsbp-2362195\" id=\"gspb_col-id-gsbp-2362195\">\n<div class=\"wp-block-greenshift-blocks-container gspb_container gspb_container-gsbp-d7d7433\" id=\"gspb_container-id-gsbp-d7d7433\">\n<div id=\"gspb_text-id-gsbp-4ed68b3\" class=\"gspb_text gspb_text-id-gsbp-4ed68b3\">Anpassungsf\u00e4higkeit<\/div>\n\n\n\n<div id=\"gspb_text-id-gsbp-b808e4f\" class=\"gspb_text gspb_text-id-gsbp-b808e4f\">In einer dynamischen Welt gedeihen, indem wir den Wandel als Katalysator f\u00fcr Wachstum begreifen.<\/div>\n<\/div>\n<\/div>\n\n\n\n<div class=\"wp-block-greenshift-blocks-row-column gspb_row__col--4 gspb_col-id-gsbp-d1a77d2\" id=\"gspb_col-id-gsbp-d1a77d2\">\n<div class=\"wp-block-greenshift-blocks-container gspb_container gspb_container-gsbp-00687cb\" id=\"gspb_container-id-gsbp-00687cb\">\n<div id=\"gspb_text-id-gsbp-6b73b1e\" class=\"gspb_text gspb_text-id-gsbp-6b73b1e\">Kontinuierliches Lernen<\/div>\n\n\n\n<div id=\"gspb_text-id-gsbp-63e93ed\" class=\"gspb_text gspb_text-id-gsbp-63e93ed\">Entwicklung als lebenswichtigen Rhythmus zu betrachten, nicht als einmaliges Ereignis.<\/div>\n<\/div>\n<\/div>\n\n\n\n<div class=\"wp-block-greenshift-blocks-row-column gspb_row__col--4 gspb_col-id-gsbp-adb6c6f\" id=\"gspb_col-id-gsbp-adb6c6f\">\n<div class=\"wp-block-greenshift-blocks-container gspb_container gspb_container-gsbp-ce44640\" id=\"gspb_container-id-gsbp-ce44640\">\n<div id=\"gspb_text-id-gsbp-fc17584\" class=\"gspb_text gspb_text-id-gsbp-fc17584\">Erm\u00e4chtigung<\/div>\n\n\n\n<div id=\"gspb_text-id-gsbp-5b6c5b3\" class=\"gspb_text gspb_text-id-gsbp-5b6c5b3\">Die Bereitstellung von Werkzeugen, um Wissen in unmittelbares Handeln am Arbeitsplatz umzusetzen.<\/div>\n<\/div>\n<\/div>\n <\/div><\/div>\n\n\n\n<div class=\"wp-block-greenshift-blocks-row gspb_row gspb_row-id-gsbp-980f28e\" id=\"gspb_row-id-gsbp-980f28e\"><div class=\"gspb_row__content\"> \n<div class=\"wp-block-greenshift-blocks-row-column gspb_row__col--4 gspb_col-id-gsbp-f5251f7\" id=\"gspb_col-id-gsbp-f5251f7\">\n<div class=\"wp-block-greenshift-blocks-container gspb_container gspb_container-gsbp-89e20ea\" id=\"gspb_container-id-gsbp-89e20ea\">\n<div id=\"gspb_text-id-gsbp-f1235fc\" class=\"gspb_text gspb_text-id-gsbp-f1235fc\">Gemeinschaft<\/div>\n\n\n\n<div id=\"gspb_text-id-gsbp-a930590\" class=\"gspb_text gspb_text-id-gsbp-a930590\">Beschleunigung durch die geteilte Weisheit und den Austausch in unserer Skillsters-Community.<\/div>\n<\/div>\n<\/div>\n\n\n\n<div class=\"wp-block-greenshift-blocks-row-column gspb_row__col--4 gspb_col-id-gsbp-c1e283d\" id=\"gspb_col-id-gsbp-c1e283d\">\n<div class=\"wp-block-greenshift-blocks-container gspb_container gspb_container-gsbp-cc84b13\" id=\"gspb_container-id-gsbp-cc84b13\">\n<div id=\"gspb_text-id-gsbp-44aad6e\" class=\"gspb_text gspb_text-id-gsbp-44aad6e\">Expertise<\/div>\n\n\n\n<div id=\"gspb_text-id-gsbp-011913d\" class=\"gspb_text gspb_text-id-gsbp-011913d\">15 Jahre Erfahrung in der Industrie und in der Neurowissenschaft sind die Grundlage.<\/div>\n<\/div>\n<\/div>\n\n\n\n<div class=\"wp-block-greenshift-blocks-row-column gspb_row__col--4 gspb_col-id-gsbp-a38e61b\" id=\"gspb_col-id-gsbp-a38e61b\">\n<div class=\"wp-block-greenshift-blocks-container gspb_container gspb_container-gsbp-ac44dd9\" id=\"gspb_container-id-gsbp-ac44dd9\">\n<div id=\"gspb_text-id-gsbp-6755d6a\" class=\"gspb_text gspb_text-id-gsbp-6755d6a\">Praktikabilit\u00e4t<\/div>\n\n\n\n<div id=\"gspb_text-id-gsbp-08fcf12\" class=\"gspb_text gspb_text-id-gsbp-08fcf12\">Ein unerbittlicher Fokus auf \u2018Sofortige Anwendung\u2019 und messbarem ROI.<\/div>\n<\/div>\n<\/div>\n <\/div><\/div>","protected":false},"excerpt":{"rendered":"","protected":false},"author":2,"featured_media":0,"parent":0,"menu_order":0,"comment_status":"closed","ping_status":"closed","template":"page-templates\/full-width.php","meta":{"_eb_attr":"","_gspb_post_css":"#gspb_image-id-gsbp-91ce0d0 img{vertical-align:middle;display:inline-block;box-sizing:border-box;max-width:100%;height:auto;box-shadow:0 15px 25px 0 rgba(0,0,0,.1);border-top-left-radius:20px;border-top-right-radius:20px;border-bottom-right-radius:20px;border-bottom-left-radius:20px}#gspb_image-id-gsbp-91ce0d0{padding:20px}#gspb_row-id-gsbp-2311965,#gspb_row-id-gsbp-c367e30,#gspb_row-id-gsbp-c367e30>.gspb_row__content{justify-content:space-between;display:flex;flex-wrap:wrap}#gspb_row-id-gsbp-c367e30{margin-top:0;margin-bottom:0;align-content:center;padding-top:50px;padding-bottom:50px;background-color:var(--wp--preset--color--palette-color-7, var(--theme-palette-color-7, #f6f6fb))}#gspb_row-id-gsbp-c367e30>.gspb_row__content{margin:0 auto;width:100%;align-items:center}div[id^=gspb_col-id]{box-sizing:border-box;position:relative;padding:var(--gs-row-column-padding, 15px min(3vw, 20px))}#gspb_col-id-gsbp-0408ba5.gspb_row__col--4{width:calc(33.333333333333336% - 10px)}@media (max-width:991.98px){#gspb_col-id-gsbp-0408ba5.gspb_row__col--4{width:calc(33.333333333333336% - 10px)}}@media (max-width:767.98px){#gspb_col-id-gsbp-0408ba5.gspb_row__col--4{width:calc(33.333333333333336% - 10px)}}@media (max-width:575.98px){#gspb_col-id-gsbp-0408ba5.gspb_row__col--4{width:100%}}.gspb_row #gspb_col-id-gsbp-0408ba5.gspb_row__col--4,.gspb_row #gspb_col-id-gsbp-4aca190.gspb_row__col--8{padding:0}#gspb_col-id-gsbp-4aca190.gspb_row__col--8{width:calc(66.66666666666667% - 10px)}@media (max-width:991.98px){#gspb_col-id-gsbp-4aca190.gspb_row__col--8{width:calc(66.66666666666667% - 10px)}}@media (max-width:767.98px){#gspb_col-id-gsbp-4aca190.gspb_row__col--8{width:calc(66.66666666666667% - 10px)}}@media (max-width:575.98px){#gspb_col-id-gsbp-4aca190.gspb_row__col--8{width:100%}}#gspb_row-id-gsbp-2311965{margin-top:100px;margin-bottom:100px}#gspb_row-id-gsbp-2311965>.gspb_row__content{display:flex;justify-content:space-between;margin:0 auto;width:100%;flex-wrap:wrap}body.gspb-bodyfront #gspb_row-id-gsbp-2311965>.gspb_row__content,body.gspb-bodyfront #gspb_row-id-gsbp-c367e30>.gspb_row__content{width:var(--theme-container-width, 1200px);max-width:var(--theme-normal-container-max-width, 1200px)}#gspb_col-id-gsbp-344a5fc.gspb_row__col--6{width:50%}@media (max-width:575.98px){#gspb_col-id-gsbp-344a5fc.gspb_row__col--6{width:100%}}.gspb_container-id-gsbp-1769ce1,.gspb_container-id-gsbp-6811a8d{flex-direction:column;box-sizing:border-box}#gspb_container-id-gsbp-00687cb.gspb_container>p:last-of-type,#gspb_container-id-gsbp-1769ce1.gspb_container>p:last-of-type,#gspb_container-id-gsbp-6811a8d.gspb_container>p:last-of-type,#gspb_container-id-gsbp-89e20ea.gspb_container>p:last-of-type,#gspb_container-id-gsbp-ac44dd9.gspb_container>p:last-of-type,#gspb_container-id-gsbp-cc84b13.gspb_container>p:last-of-type,#gspb_container-id-gsbp-ce44640.gspb_container>p:last-of-type,#gspb_container-id-gsbp-d7d7433.gspb_container>p:last-of-type{margin-bottom:0}#gspb_container-id-gsbp-6811a8d.gspb_container{position:relative;padding:50px;border-style:solid;border-width:3px;border-color:var(--wp--preset--color--palette-color-1, var(--theme-palette-color-1, #000066));box-sizing:border-box}#gspb_container-id-gsbp-00687cb.gspb_container>.gspb_backgroundOverlay,#gspb_container-id-gsbp-1769ce1.gspb_container>.gspb_backgroundOverlay,#gspb_container-id-gsbp-6811a8d.gspb_container,#gspb_container-id-gsbp-6811a8d.gspb_container>.gspb_backgroundOverlay,#gspb_container-id-gsbp-89e20ea.gspb_container>.gspb_backgroundOverlay,#gspb_container-id-gsbp-ac44dd9.gspb_container>.gspb_backgroundOverlay,#gspb_container-id-gsbp-cc84b13.gspb_container>.gspb_backgroundOverlay,#gspb_container-id-gsbp-ce44640.gspb_container>.gspb_backgroundOverlay,#gspb_container-id-gsbp-d7d7433.gspb_container>.gspb_backgroundOverlay{border-top-left-radius:20px;border-top-right-radius:20px;border-bottom-right-radius:20px;border-bottom-left-radius:20px}#gspb_col-id-gsbp-ef3d01d.gspb_row__col--6{width:50%}@media (max-width:575.98px){#gspb_col-id-gsbp-ef3d01d.gspb_row__col--6{width:100%}}#gspb_container-id-gsbp-1769ce1.gspb_container{position:relative;padding:50px;border-top-left-radius:20px;border-top-right-radius:20px;border-bottom-right-radius:20px;border-bottom-left-radius:20px;border-style:solid;border-width:3px;border-color:var(--wp--preset--color--palette-color-1, var(--theme-palette-color-1, #000066));box-sizing:border-box}#gspb_row-id-gsbp-3f80021,#gspb_row-id-gsbp-9e6b4b0{justify-content:space-between;margin-top:0;margin-bottom:0;display:flex;flex-wrap:wrap;background-color:var(--wp--preset--color--palette-color-7, var(--theme-palette-color-7, #f6f6fb))}#gspb_row-id-gsbp-9e6b4b0{padding-top:50px}#gspb_row-id-gsbp-9e6b4b0>.gspb_row__content{display:flex;justify-content:space-between;margin:0 auto;width:100%;flex-wrap:wrap}#gspb_col-id-gsbp-bed9536.gspb_row__col--12{width:100%}@media (max-width:575.98px){#gspb_col-id-gsbp-bed9536.gspb_row__col--12{width:100%}}.gspb_text-id-gsbp-26e6912{font-family:Fira Sans Extra Condensed,sans-serif;font-size:var(--wp--preset--font-size--medium)!important;font-weight:300!important;margin-top:0!important;margin-bottom:0!important}.gspb_text-id-gsbp-26e6912,.gspb_text-id-gsbp-26e6912 .gsap-g-line{text-align:center!important}#gspb_row-id-gsbp-3f80021{min-height:1px}#gspb_row-id-gsbp-3f80021>.gspb_row__content{display:flex;justify-content:space-between;margin:0 auto;width:100%;flex-wrap:wrap}body.gspb-bodyfront #gspb_row-id-gsbp-3f80021>.gspb_row__content,body.gspb-bodyfront #gspb_row-id-gsbp-9e6b4b0>.gspb_row__content{width:var(--theme-container-width, 1200px);max-width:var(--theme-normal-container-max-width, 1200px)}#gspb_col-id-gsbp-2362195.gspb_row__col--4{width:33.333333333333336%}@media (max-width:575.98px){#gspb_col-id-gsbp-2362195.gspb_row__col--4{width:100%}}.gspb_container-id-gsbp-d7d7433{flex-direction:column;box-sizing:border-box}#gspb_container-id-gsbp-d7d7433.gspb_container{position:relative;margin-bottom:0;padding:20px;border-top-left-radius:20px;border-top-right-radius:20px;border-bottom-right-radius:20px;border-bottom-left-radius:20px;border-style:solid;border-color:var(--wp--preset--color--palette-color-1, var(--theme-palette-color-1, #000066));box-sizing:border-box;height:200px}.gspb_text-id-gsbp-4ed68b3{font-family:Fira Sans Extra Condensed,sans-serif;font-size:30px;text-decoration:dotted underline;font-weight:300!important;margin-bottom:0!important;padding-bottom:20px!important}#gspb_col-id-gsbp-d1a77d2.gspb_row__col--4{width:33.333333333333336%}@media (max-width:575.98px){#gspb_col-id-gsbp-d1a77d2.gspb_row__col--4{width:100%}}.gspb_container-id-gsbp-00687cb{flex-direction:column;box-sizing:border-box}#gspb_container-id-gsbp-00687cb.gspb_container{position:relative;margin-bottom:0;padding:20px;border-top-left-radius:20px;border-top-right-radius:20px;border-bottom-right-radius:20px;border-bottom-left-radius:20px;border-style:solid;border-color:var(--wp--preset--color--palette-color-1, var(--theme-palette-color-1, #000066));box-sizing:border-box;height:200px}.gspb_text-id-gsbp-6b73b1e{font-family:Fira Sans Extra Condensed,sans-serif;font-size:30px;text-decoration:dotted underline;font-weight:300!important;margin-top:0!important;margin-bottom:0!important;padding-bottom:20px!important}#gspb_col-id-gsbp-adb6c6f.gspb_row__col--4{width:33.333333333333336%}@media (max-width:575.98px){#gspb_col-id-gsbp-adb6c6f.gspb_row__col--4{width:100%}}.gspb_container-id-gsbp-ce44640{flex-direction:column;box-sizing:border-box}#gspb_container-id-gsbp-ce44640.gspb_container{position:relative;margin-bottom:0;padding:20px;border-top-left-radius:20px;border-top-right-radius:20px;border-bottom-right-radius:20px;border-bottom-left-radius:20px;border-style:solid;border-color:var(--wp--preset--color--palette-color-1, var(--theme-palette-color-1, #000066));box-sizing:border-box;height:200px}.gspb_text-id-gsbp-fc17584{font-family:Fira Sans Extra Condensed,sans-serif;font-size:30px;text-decoration:dotted underline;font-weight:300!important;margin-top:0!important;margin-bottom:0!important;padding-bottom:20px!important}#gspb_row-id-gsbp-980f28e{min-height:1px;padding-bottom:50px}#gspb_row-id-gsbp-980f28e>.gspb_row__content{display:flex;justify-content:space-between;margin:0 auto;width:100%;flex-wrap:wrap}#gspb_col-id-gsbp-f5251f7.gspb_row__col--4{width:33.333333333333336%}@media (max-width:575.98px){#gspb_col-id-gsbp-f5251f7.gspb_row__col--4{width:100%}}.gspb_container-id-gsbp-89e20ea{flex-direction:column;box-sizing:border-box}#gspb_container-id-gsbp-89e20ea.gspb_container{position:relative;margin-bottom:0;padding:20px;border-top-left-radius:20px;border-top-right-radius:20px;border-bottom-right-radius:20px;border-bottom-left-radius:20px;border-style:solid;border-color:var(--wp--preset--color--palette-color-1, var(--theme-palette-color-1, #000066));box-sizing:border-box;height:200px}.gspb_text-id-gsbp-f1235fc{font-family:Fira Sans Extra Condensed,sans-serif;font-size:30px;text-decoration:dotted underline;font-weight:300!important;margin-bottom:0!important;padding-bottom:20px!important}#gspb_col-id-gsbp-c1e283d.gspb_row__col--4{width:33.333333333333336%}@media (max-width:575.98px){#gspb_col-id-gsbp-c1e283d.gspb_row__col--4{width:100%}}.gspb_container-id-gsbp-cc84b13{flex-direction:column;box-sizing:border-box}#gspb_container-id-gsbp-cc84b13.gspb_container{position:relative;margin-bottom:0;padding:20px;border-top-left-radius:20px;border-top-right-radius:20px;border-bottom-right-radius:20px;border-bottom-left-radius:20px;border-style:solid;border-color:var(--wp--preset--color--palette-color-1, var(--theme-palette-color-1, #000066));box-sizing:border-box;height:200px}.gspb_text-id-gsbp-44aad6e{font-family:Fira Sans Extra Condensed,sans-serif;font-size:30px;text-decoration:dotted underline;font-weight:300!important;margin-top:0!important;margin-bottom:0!important;padding-bottom:20px!important}#gspb_col-id-gsbp-a38e61b.gspb_row__col--4{width:33.333333333333336%}@media (max-width:575.98px){#gspb_col-id-gsbp-a38e61b.gspb_row__col--4{width:100%}}.gspb_container-id-gsbp-ac44dd9{flex-direction:column;box-sizing:border-box}#gspb_container-id-gsbp-ac44dd9.gspb_container{position:relative;margin-bottom:0;padding:20px;border-top-left-radius:20px;border-top-right-radius:20px;border-bottom-right-radius:20px;border-bottom-left-radius:20px;border-style:solid;border-color:var(--wp--preset--color--palette-color-1, var(--theme-palette-color-1, #000066));box-sizing:border-box;height:200px}.gspb_text-id-gsbp-6755d6a{font-family:Fira Sans Extra Condensed,sans-serif;font-size:30px;text-decoration:dotted underline;font-weight:300!important;margin-top:0!important;margin-bottom:0!important;padding-bottom:20px!important}#gspb_row-id-gsbp-1eef764,#gspb_row-id-gsbp-980f28e{justify-content:space-between;margin-top:0;margin-bottom:0;display:flex;flex-wrap:wrap;background-color:var(--wp--preset--color--palette-color-7, var(--theme-palette-color-7, #f6f6fb))}#gspb_row-id-gsbp-1eef764>.gspb_row__content{display:flex;justify-content:space-between;margin:0 auto;width:100%;flex-wrap:wrap}.gspb_row{position:relative}body.gspb-bodyfront #gspb_row-id-gsbp-1eef764>.gspb_row__content,body.gspb-bodyfront #gspb_row-id-gsbp-980f28e>.gspb_row__content{width:var(--theme-container-width, 1200px);max-width:var(--theme-normal-container-max-width, 1200px)}#gspb_col-id-gsbp-d073a1a.gspb_row__col--4{width:33.333333333333336%}@media (max-width:575.98px){#gspb_col-id-gsbp-d073a1a.gspb_row__col--4{width:100%}}#gspb_col-id-gsbp-a087abd.gspb_row__col--8{width:66.66666666666667%}@media (max-width:575.98px){#gspb_col-id-gsbp-a087abd.gspb_row__col--8{width:100%}}","_eb_data_table":"","footnotes":""},"folder":[],"class_list":["post-2","page","type-page","status-publish","hentry"],"blocksy_meta":{"has_hero_section":"disabled","vertical_spacing_source":"inherit","content_area_spacing":"none","styles_descriptor":{"styles":{"desktop":"","tablet":"","mobile":""},"google_fonts":[],"version":6}},"_links":{"self":[{"href":"https:\/\/skillagility.com\/de\/wp-json\/wp\/v2\/pages\/2","targetHints":{"allow":["GET"]}}],"collection":[{"href":"https:\/\/skillagility.com\/de\/wp-json\/wp\/v2\/pages"}],"about":[{"href":"https:\/\/skillagility.com\/de\/wp-json\/wp\/v2\/types\/page"}],"author":[{"embeddable":true,"href":"https:\/\/skillagility.com\/de\/wp-json\/wp\/v2\/users\/2"}],"replies":[{"embeddable":true,"href":"https:\/\/skillagility.com\/de\/wp-json\/wp\/v2\/comments?post=2"}],"version-history":[{"count":0,"href":"https:\/\/skillagility.com\/de\/wp-json\/wp\/v2\/pages\/2\/revisions"}],"wp:attachment":[{"href":"https:\/\/skillagility.com\/de\/wp-json\/wp\/v2\/media?parent=2"}],"wp:term":[{"taxonomy":"folder","embeddable":true,"href":"https:\/\/skillagility.com\/de\/wp-json\/wp\/v2\/folder?post=2"}],"curies":[{"name":"wp","href":"https:\/\/api.w.org\/{rel}","templated":true}]}}