{"id":968,"date":"2025-09-10T15:24:11","date_gmt":"2025-09-10T13:24:11","guid":{"rendered":"https:\/\/skillagility.com\/?page_id=968"},"modified":"2026-03-27T10:41:30","modified_gmt":"2026-03-27T08:41:30","slug":"standortmitteilung","status":"publish","type":"page","link":"https:\/\/skillagility.com\/de\/site-notice\/","title":{"rendered":"Hinweis zur Website"},"content":{"rendered":"<h1>Hinweis zur Website<\/h1>\n\n<p>Stefan Lachmann<br \/>\nFachkraft f\u00fcr Lernen und Entwicklung<br \/>\nFuchsr\u00f6hre 9<br \/>\n23623 Ahrensb\u00f6k<\/p>\n\n<h2>Kontakt<\/h2>\n<p>Telefon: +49 1522 6809557<br \/>\nTelefax: +49 4525 4009999<br \/>\nE-Mail: team@skillagility.com<\/p>\n\n<h2>UMSATZSTEUER-ID<\/h2>\n<p>Umsatzsteuer-Identifikationsnummer gem\u00e4\u00df \u00a7 27a des Umsatzsteuergesetzes:<br \/>\nDE285767199<\/p>\n\n<h2>Identifikationsnummer des Unternehmens<\/h2>\n<p>DUNS-Code: 315695029<\/p>\n\n<h2>Informationen zur Berufshaftpflichtversicherung<\/h2>\n<p><strong>Name und eingetragener Sitz des Versicherers:<\/strong><br \/>\nLVM-Versicherungsagentur<br \/>\nSchulte nach B\u00fchne<br \/>\nRheiner Landstra\u00dfe 148<br \/>\n49078 Osnabr\u00fcck<br \/>\nDeutschland<\/p>\n<p><strong>Umfang der Versicherung:<\/strong><br \/>Weltweit<\/p>\n\n<h2>Verantwortliche Person f\u00fcr die Redaktion<\/h2>\n<p>Stefan Lachmann<br \/>\nFuchsr\u00f6hre 9<br \/>\n23623 Ahrensb\u00f6k<br \/>\nDeutschland<\/p>\n\n<h2>EU-Streitbeilegung<\/h2>\n<p>Die Europ\u00e4ische Kommission stellt eine Plattform f\u00fcr die Online-Streitbeilegung (OS) bereit: <a href=\"https:\/\/ec.europa.eu\/consumers\/odr\/\" target=\"_blank\" rel=\"noopener noreferrer\">https:\/\/ec.europa.eu\/consumers\/odr\/<\/a>.<br \/> Unsere E-Mail-Adresse findest du oben im Impressum der Website.<\/p>\n\n<h2>Streitschlichtungsverfahren vor einer Verbraucherschlichtungsstelle<\/h2>\n<p>Wir sind nicht bereit oder verpflichtet, an einem Streitbeilegungsverfahren vor einer Verbraucherschlichtungsstelle teilzunehmen.<\/p>\n\n<h2>Zentrale Anlaufstelle nach dem Gesetz \u00fcber digitale Dienste - DSA (Verordnung (EU) 2022\/265)<\/h2>\n<p>Du kannst unsere zentrale Kontaktstelle f\u00fcr Nutzer und Beh\u00f6rden gem\u00e4\u00df Art. 11, 12 DSA wie folgt:<\/p>\n<p>E-Mail: team@skillagility.com<br \/>\nTelefon: +49 1522 6809557\n<\/p>\n<p>Die verf\u00fcgbaren Sprachen f\u00fcr die Kontaktaufnahme sind: Deutsch, Englisch.<\/p>","protected":false},"excerpt":{"rendered":"<p>Site Notice Stefan Lachmann Learning &amp; Development Professional Fuchsr&ouml;hre 9 23623 Ahrensb&ouml;k Contact Phone: +49 1522 6809557 Telefax: +49 4525 4009999 E-mail: team@skillagility.com VAT ID Sales tax identification number according to Sect. 27 a of the Sales Tax Law: DE285767199 Business identification number DUNS-Code: 315695029 Information regarding professional liability insurance Name and registered office of [&hellip;]<\/p>\n","protected":false},"author":2,"featured_media":0,"parent":0,"menu_order":0,"comment_status":"closed","ping_status":"closed","template":"","meta":{"_eb_attr":"","_gspb_post_css":"","_eb_data_table":"","footnotes":""},"folder":[40],"class_list":["post-968","page","type-page","status-publish","hentry"],"blocksy_meta":{"has_hero_section":"disabled","styles_descriptor":{"styles":{"desktop":"","tablet":"","mobile":""},"google_fonts":[],"version":6}},"_links":{"self":[{"href":"https:\/\/skillagility.com\/de\/wp-json\/wp\/v2\/pages\/968","targetHints":{"allow":["GET"]}}],"collection":[{"href":"https:\/\/skillagility.com\/de\/wp-json\/wp\/v2\/pages"}],"about":[{"href":"https:\/\/skillagility.com\/de\/wp-json\/wp\/v2\/types\/page"}],"author":[{"embeddable":true,"href":"https:\/\/skillagility.com\/de\/wp-json\/wp\/v2\/users\/2"}],"replies":[{"embeddable":true,"href":"https:\/\/skillagility.com\/de\/wp-json\/wp\/v2\/comments?post=968"}],"version-history":[{"count":0,"href":"https:\/\/skillagility.com\/de\/wp-json\/wp\/v2\/pages\/968\/revisions"}],"wp:attachment":[{"href":"https:\/\/skillagility.com\/de\/wp-json\/wp\/v2\/media?parent=968"}],"wp:term":[{"taxonomy":"folder","embeddable":true,"href":"https:\/\/skillagility.com\/de\/wp-json\/wp\/v2\/folder?post=968"}],"curies":[{"name":"wp","href":"https:\/\/api.w.org\/{rel}","templated":true}]}}