{"id":999,"date":"2025-09-11T07:58:58","date_gmt":"2025-09-11T05:58:58","guid":{"rendered":"https:\/\/skillagility.com\/?page_id=999"},"modified":"2026-03-27T10:41:05","modified_gmt":"2026-03-27T08:41:05","slug":"datenschutzrichtlinie-fur-soziale-medien","status":"publish","type":"page","link":"https:\/\/skillagility.com\/de\/privacy-policy-for-social-media\/","title":{"rendered":"Datenschutzrichtlinie f\u00fcr soziale Medien"},"content":{"rendered":"<h3>Unsere Auftritte in den sozialen Medien<\/h3> <h4>Diese Datenschutzrichtlinie gilt f\u00fcr die folgende Pr\u00e4senz in den sozialen Medien<\/h4> <ul>\n<li><a href=\"https:\/\/www.facebook.com\/skillagility\" target=\"_blank\" rel=\"noopener noreferrer\">https:\/\/www.facebook.com\/skillagility<\/a><\/li>\n<li><a href=\"https:\/\/x.com\/skillagility\" target=\"_blank\" rel=\"noopener noreferrer\">https:\/\/x.com\/skillagility<\/a><\/li>\n<li><a href=\"https:\/\/www.instagram.com\/skillagility\" target=\"_blank\" rel=\"noopener noreferrer\">https:\/\/www.instagram.com\/skillagility<\/a><\/li>\n<li><a href=\"https:\/\/www.pinterest.de\/skillagility\" target=\"_blank\" rel=\"noopener noreferrer\">https:\/\/www.pinterest.de\/skillagility<\/a><\/li>\n<li><a href=\"https:\/\/www.linkedin.com\/company\/2910864\/\" target=\"_blank\" rel=\"noopener noreferrer\">https:\/\/www.linkedin.com\/company\/2910864\/<\/a><\/li>\n<li><a href=\"https:\/\/www.youtube.com\/channel\/UC9VEbDGwablfLo9A0uk1O6A\" target=\"_blank\" rel=\"noopener noreferrer\">https:\/\/www.youtube.com\/channel\/UC9VEbDGwablfLo9A0uk1O6A<\/a><\/li>\n<li><a href=\"https:\/\/www.tiktok.com\/@skillagility\" target=\"_blank\" rel=\"noopener noreferrer\">https:\/\/www.tiktok.com\/@skillagility<\/a><\/li>\n<\/ul>\n <h4>Datenverarbeitung durch soziale Netzwerke<\/h4> <p>Wir unterhalten \u00f6ffentlich zug\u00e4ngliche Profile in sozialen Netzwerken. Die einzelnen sozialen Netzwerke, die wir nutzen, findest du unten.<\/p> <p>Soziale Netzwerke wie Facebook, X usw. k\u00f6nnen dein Nutzerverhalten in der Regel umfassend analysieren, wenn du ihre Website oder eine Website mit integrierten Social-Media-Inhalten (z. B. Like-Buttons oder Werbebanner) besuchst. Wenn du unsere Social-Media-Seiten besuchst, werden zahlreiche datenschutzrelevante Verarbeitungsvorg\u00e4nge ausgel\u00f6st. Im Einzelnen:<\/p> <p>Wenn du in deinem Social-Media-Konto eingeloggt bist und unsere Social-Media-Seite besuchst, kann der Betreiber des Social-Media-Portals diesen Besuch deinem Benutzerkonto zuordnen. Unter Umst\u00e4nden werden deine personenbezogenen Daten auch erfasst, wenn du nicht eingeloggt bist oder kein Konto bei dem jeweiligen Social-Media-Portal hast. In diesem Fall werden diese Daten z. B. \u00fcber Cookies, die auf deinem Ger\u00e4t gespeichert werden, oder durch die Aufzeichnung deiner IP-Adresse erfasst.<\/p> <p>Mit den so gesammelten Daten k\u00f6nnen die Betreiber der Social-Media-Portale Nutzerprofile erstellen, in denen ihre Vorlieben und Interessen gespeichert werden. Auf diese Weise kannst du interessenbasierte Werbung innerhalb und au\u00dferhalb deiner Social-Media-Pr\u00e4senz sehen. Wenn du ein Konto bei dem sozialen Netzwerk hast, kann dir interessenbezogene Werbung auf jedem Ger\u00e4t angezeigt werden, auf dem du eingeloggt bist oder dich eingeloggt hast.<\/p> <p>Bitte beachte auch, dass wir nicht alle Verarbeitungsvorg\u00e4nge auf den Social-Media-Portalen nachvollziehen k\u00f6nnen. Je nach Anbieter k\u00f6nnen daher zus\u00e4tzliche Verarbeitungsvorg\u00e4nge von den Betreibern der Social-Media-Portale durchgef\u00fchrt werden. Einzelheiten findest du in den Nutzungsbedingungen und Datenschutzrichtlinien der jeweiligen Social-Media-Portale.<\/p> <h4>Rechtsgrundlage<\/h4> <p>Unsere Social-Media-Auftritte sollen eine m\u00f6glichst breite Pr\u00e4senz im Internet sicherstellen. Dies ist ein berechtigtes Interesse im Sinne von Art. 6 (1) lit. f GDPR. Die von den sozialen Netzwerken eingeleiteten Analyseprozesse k\u00f6nnen auf unterschiedlichen, von den Betreibern der sozialen Netzwerke festzulegenden Rechtsgrundlagen beruhen (z.B. auf einer Einwilligung im Sinne von Art. 6 (1) (a) GDPR).<\/p> <h4>Verantwortung und Geltendmachung von Rechten<\/h4> <p>Wenn du eine unserer Social-Media-Seiten (z.B. Facebook) besuchst, sind wir zusammen mit dem Betreiber der Social-Media-Plattform f\u00fcr die bei diesem Besuch ausgel\u00f6sten Datenverarbeitungsvorg\u00e4nge verantwortlich. Du kannst deine Rechte (Auskunft, Berichtigung, L\u00f6schung, Einschr\u00e4nkung der Verarbeitung, Daten\u00fcbertragbarkeit und Beschwerde) grunds\u00e4tzlich sowohl gegen\u00fcber uns als auch gegen\u00fcber dem Betreiber des jeweiligen Social-Media-Portals (z. B. Facebook) wahrnehmen.<\/p> <p>Bitte beachte, dass wir trotz der gemeinsamen Verantwortung mit den Betreibern der Social-Media-Portale keinen vollen Einfluss auf die Datenverarbeitungsvorg\u00e4nge der Social-Media-Portale haben. Unsere M\u00f6glichkeiten werden durch die Unternehmenspolitik des jeweiligen Anbieters bestimmt.<\/p> <h4>Lagerzeit<\/h4> <p>Die direkt von uns \u00fcber die Social-Media-Pr\u00e4senz erhobenen Daten werden von unseren Systemen gel\u00f6scht, sobald du uns zur L\u00f6schung aufforderst, du deine Zustimmung zur Speicherung widerrufst oder der Zweck f\u00fcr die Datenspeicherung entf\u00e4llt. Gespeicherte Cookies bleiben auf deinem Ger\u00e4t, bis du sie l\u00f6schst. Zwingende gesetzliche Bestimmungen - insbesondere Aufbewahrungsfristen - bleiben hiervon unber\u00fchrt.<\/p> <p>Wir haben keine Kontrolle \u00fcber die Speicherdauer deiner Daten, die von den Betreibern der sozialen Netzwerke f\u00fcr deren eigene Zwecke gespeichert werden. F\u00fcr Einzelheiten wende dich bitte direkt an die Betreiber der sozialen Netzwerke (z. B. in deren Datenschutzbestimmungen, siehe unten).<\/p> <h4>Deine Rechte<\/h4> <p>Du hast das Recht, jederzeit und unentgeltlich Auskunft \u00fcber Herkunft, Empf\u00e4nger und Zweck deiner gespeicherten personenbezogenen Daten zu erhalten. Du hast au\u00dferdem das Recht auf Widerspruch, das Recht auf Daten\u00fcbertragbarkeit und das Recht, eine Beschwerde bei der zust\u00e4ndigen Aufsichtsbeh\u00f6rde einzureichen. Au\u00dferdem kannst du die Berichtigung, Sperrung, L\u00f6schung und unter bestimmten Umst\u00e4nden auch die Einschr\u00e4nkung der Verarbeitung deiner personenbezogenen Daten verlangen.<\/p> <h4>Individuelle soziale Netzwerke<\/h4>\n<h5>Facebook<\/h5> <p>Wir haben ein Profil auf Facebook. Der Anbieter dieses Dienstes ist Meta Platforms Ireland Limited, Merrion Road, Dublin 4, D04 X2K5, Irland (im Folgenden Meta). Laut der Erkl\u00e4rung von Meta werden die gesammelten Daten auch in die USA und in andere Drittl\u00e4nder \u00fcbertragen.<\/p> <p>Wir haben mit Meta eine Vereinbarung \u00fcber die gemeinsame Verantwortung f\u00fcr die Verarbeitung von Daten (Controller Addendum) unterzeichnet. Diese Vereinbarung legt fest, f\u00fcr welche Datenverarbeitungsvorg\u00e4nge wir oder Meta verantwortlich sind, wenn du unsere Facebook-Fanpage besuchst. Diese Vereinbarung kann unter dem folgenden Link eingesehen werden: <a href=\"https:\/\/www.facebook.com\/legal\/terms\/page_controller_addendum\" target=\"_blank\" rel=\"noopener noreferrer\">https:\/\/www.facebook.com\/legal\/terms\/page_controller_addendum<\/a>.<\/p> <p><strong>Du kannst deine Werbeeinstellungen unabh\u00e4ngig in deinem Benutzerkonto anpassen. Klicke auf den folgenden Link und logge dich ein:<\/strong> <a href=\"https:\/\/www.facebook.com\/settings?tab=ads\" target=\"_blank\" rel=\"noopener noreferrer\">https:\/\/www.facebook.com\/settings?tab=ads<\/a>.<\/p> <p>Die Daten\u00fcbermittlung in die USA basiert auf den Standardvertragsklauseln (SCC) der Europ\u00e4ischen Kommission. Details findest du hier: <a href=\"https:\/\/www.facebook.com\/legal\/EU_data_transfer_addendum\" target=\"_blank\" rel=\"noopener noreferrer\">https:\/\/www.facebook.com\/legal\/EU_data_transfer_addendum<\/a> und <a href=\"https:\/\/de-de.facebook.com\/help\/566994660333381\" target=\"_blank\" rel=\"noopener noreferrer\">https:\/\/de-de.facebook.com\/help\/566994660333381<\/a>.<\/p> <p>Einzelheiten findest du in den Facebook-Datenschutzrichtlinien: <a href=\"https:\/\/www.facebook.com\/about\/privacy\/\" target=\"_blank\" rel=\"noopener noreferrer\">https:\/\/www.facebook.com\/about\/privacy\/<\/a>.<\/p>\n<p>Das Unternehmen ist in \u00dcbereinstimmung mit dem \u201cEU-US Data Privacy Framework\u201d (DPF) zertifiziert. Das DPF ist ein Abkommen zwischen der Europ\u00e4ischen Union und den USA, das die Einhaltung der europ\u00e4ischen Datenschutzstandards bei der Datenverarbeitung in den USA sicherstellen soll. Jedes Unternehmen, das nach dem DPF zertifiziert ist, ist verpflichtet, diese Datenschutzstandards einzuhalten. F\u00fcr weitere Informationen wende dich bitte an den Anbieter unter dem folgenden Link: <a href=\"https:\/\/www.dataprivacyframework.gov\/participant\/4452\" target=\"_blank\" rel=\"noopener noreferrer\">https:\/\/www.dataprivacyframework.gov\/participant\/4452<\/a><\/p>\n<h5>X (fr\u00fcher Twitter)<\/h5> <p>Wir nutzen den Kurznachrichtendienst X (fr\u00fcher Twitter). Der Anbieter ist die Muttergesellschaft X Corp., 1355 Market Street, Suite 900, San Francisco, CA 94103, USA. Verantwortlich f\u00fcr die Datenverarbeitung von Personen, die au\u00dferhalb der Vereinigten Staaten leben, ist die Niederlassung Twitter International Unlimited Company, One Cumberland Place, Fenian Street, Dublin 2, D02 AX07, Irland.<\/p> <p><strong>Du kannst deine X (fr\u00fcher Twitter) Privatsph\u00e4re-Einstellungen in deinem Benutzerkonto anpassen. Klicke auf den folgenden Link und logge dich ein:<\/strong> <a href=\"https:\/\/x.com\/settings\/account\/personalization\" target=\"_blank\" rel=\"noopener noreferrer\">https:\/\/x.com\/settings\/account\/personalization<\/a>.<\/p> <p>Die Daten\u00fcbermittlung in die USA basiert auf den Standardvertragsklauseln (SCC) der Europ\u00e4ischen Kommission. Details findest du hier: <a href=\"https:\/\/gdpr.x.com\/en\/controller-to-controller-transfers.html\" target=\"_blank\" rel=\"noopener noreferrer\">https:\/\/gdpr.x.com\/en\/controller-to-controller-transfers.html<\/a>.<\/p> <p>Weitere Informationen findest du in den Datenschutzbestimmungen von X (ehemals Twitter): <a href=\"https:\/\/twitter.com\/en\/privacy\" target=\"_blank\" rel=\"noopener noreferrer\">https:\/\/twitter.com\/en\/privacy<\/a>.<\/p>\n\n<h5>Instagram<\/h5> <p>Wir haben ein Profil auf Instagram. Der Anbieter dieses Dienstes ist Meta Platforms Ireland Limited, Merrion Road, Dublin 4, D04 X2K5, Irland.<\/p> <p>Die Daten\u00fcbermittlung in die USA basiert auf den Standardvertragsklauseln (SCC) der Europ\u00e4ischen Kommission. Details findest du hier: <a href=\"https:\/\/www.facebook.com\/legal\/EU_data_transfer_addendum\" target=\"_blank\" rel=\"noopener noreferrer\">https:\/\/www.facebook.com\/legal\/EU_data_transfer_addendum<\/a> und <a href=\"https:\/\/de-de.facebook.com\/help\/566994660333381\" target=\"_blank\" rel=\"noopener noreferrer\">https:\/\/de-de.facebook.com\/help\/566994660333381<\/a>.<\/p> <p>Weitere Informationen \u00fcber den Umgang mit deinen pers\u00f6nlichen Daten findest du in den Datenschutzrichtlinien von Instagram: <a href=\"https:\/\/privacycenter.instagram.com\/policy\/\" target=\"_blank\" rel=\"noopener noreferrer\">https:\/\/privacycenter.instagram.com\/policy\/<\/a>.<\/p>\n<p>Das Unternehmen ist in \u00dcbereinstimmung mit dem \u201cEU-US Data Privacy Framework\u201d (DPF) zertifiziert. Das DPF ist ein Abkommen zwischen der Europ\u00e4ischen Union und den USA, das die Einhaltung der europ\u00e4ischen Datenschutzstandards bei der Datenverarbeitung in den USA sicherstellen soll. Jedes Unternehmen, das nach dem DPF zertifiziert ist, ist verpflichtet, diese Datenschutzstandards einzuhalten. F\u00fcr weitere Informationen wende dich bitte an den Anbieter unter dem folgenden Link: <a href=\"https:\/\/www.dataprivacyframework.gov\/participant\/4452\" target=\"_blank\" rel=\"noopener noreferrer\">https:\/\/www.dataprivacyframework.gov\/participant\/4452<\/a><\/p>\n<h5>Pinterest<\/h5> <p>Wir haben ein Profil bei Pinterest. Der Betreiber ist Pinterest Europe Ltd., Palmerston House, 2nd Floor, Fenian Street, Dublin 2, Irland. Einzelheiten zum Umgang mit deinen personenbezogenen Daten findest du in den Datenschutzrichtlinien von Pinterest: <a href=\"https:\/\/policy.pinterest.com\/de\/privacy-policy\" target=\"_blank\" rel=\"noopener noreferrer\">https:\/\/policy.pinterest.com\/de\/privacy-policy<\/a>.<\/p>\n\n<h5>LinkedIn<\/h5> <p>Wir haben ein LinkedIn-Profil. Der Anbieter ist die LinkedIn Ireland Unlimited Company, Wilton Plaza, Wilton Place, Dublin 2, Irland. LinkedIn verwendet Werbe-Cookies.<\/p> <p><strong>Wenn du die Werbe-Cookies von LinkedIn deaktivieren m\u00f6chtest, nutze bitte den folgenden Link: <\/strong><a href=\"https:\/\/www.linkedin.com\/psettings\/guest-controls\/retargeting-opt-out\" target=\"_blank\" rel=\"noopener noreferrer\">https:\/\/www.linkedin.com\/psettings\/guest-controls\/retargeting-opt-out<\/a>.<\/p> <p>Die Daten\u00fcbermittlung in die USA basiert auf den Standardvertragsklauseln (SCC) der Europ\u00e4ischen Kommission. Details findest du hier: <a href=\"https:\/\/www.linkedin.com\/legal\/l\/dpa\" target=\"_blank\" rel=\"noopener noreferrer\">https:\/\/www.linkedin.com\/legal\/l\/dpa<\/a> und <a href=\"https:\/\/www.linkedin.com\/legal\/l\/eu-sccs\" target=\"_blank\" rel=\"noopener noreferrer\">https:\/\/www.linkedin.com\/legal\/l\/eu-sccs<\/a>.<\/p> <p>Einzelheiten zum Umgang mit deinen pers\u00f6nlichen Daten findest du in den Datenschutzbestimmungen von LinkedIn: <a href=\"https:\/\/www.linkedin.com\/legal\/privacy-policy\" target=\"_blank\" rel=\"noopener noreferrer\">https:\/\/www.linkedin.com\/legal\/privacy-policy<\/a>.<\/p>\n<p>Das Unternehmen ist in \u00dcbereinstimmung mit dem \u201cEU-US Data Privacy Framework\u201d (DPF) zertifiziert. Das DPF ist ein Abkommen zwischen der Europ\u00e4ischen Union und den USA, das die Einhaltung der europ\u00e4ischen Datenschutzstandards bei der Datenverarbeitung in den USA sicherstellen soll. Jedes Unternehmen, das nach dem DPF zertifiziert ist, ist verpflichtet, diese Datenschutzstandards einzuhalten. F\u00fcr weitere Informationen wende dich bitte an den Anbieter unter dem folgenden Link: <a href=\"https:\/\/www.dataprivacyframework.gov\/participant\/5448\" target=\"_blank\" rel=\"noopener noreferrer\">https:\/\/www.dataprivacyframework.gov\/participant\/5448<\/a><\/p>\n<h5>YouTube<\/h5> <p>Wir haben ein Profil auf YouTube. Der Anbieter ist Google Ireland Limited, Gordon House, Barrow Street, Dublin 4, Irland. Einzelheiten zum Umgang mit deinen pers\u00f6nlichen Daten findest du in den Datenschutzbestimmungen von YouTube: <a href=\"https:\/\/policies.google.com\/privacy?hl=en\" target=\"_blank\" rel=\"noopener noreferrer\">https:\/\/policies.google.com\/privacy?hl=en<\/a>.<\/p>\n<p>Das Unternehmen ist in \u00dcbereinstimmung mit dem \u201cEU-US Data Privacy Framework\u201d (DPF) zertifiziert. Das DPF ist ein Abkommen zwischen der Europ\u00e4ischen Union und den USA, das die Einhaltung der europ\u00e4ischen Datenschutzstandards bei der Datenverarbeitung in den USA sicherstellen soll. Jedes Unternehmen, das nach dem DPF zertifiziert ist, ist verpflichtet, diese Datenschutzstandards einzuhalten. F\u00fcr weitere Informationen wende dich bitte an den Anbieter unter dem folgenden Link: <a href=\"https:\/\/www.dataprivacyframework.gov\/participant\/5780\" target=\"_blank\" rel=\"noopener noreferrer\">https:\/\/www.dataprivacyframework.gov\/participant\/5780<\/a><\/p>\n<h5>TikTok<\/h5> <p>Wir haben ein Profil zu TikTok. Der Anbieter ist TikTok Technology Limited, 10 Earlsfort Terrace, Dublin, D02 T380, Irland. Einzelheiten zum Umgang mit deinen pers\u00f6nlichen Daten findest du in den Datenschutzbestimmungen von TikTok: <a href=\"https:\/\/www.tiktok.com\/legal\/privacy-policy?lang=en\" target=\"_blank\" rel=\"noopener noreferrer\">https:\/\/www.tiktok.com\/legal\/privacy-policy?lang=en<\/a>.<\/p> <p>Die Daten\u00fcbermittlung in Drittl\u00e4nder erfolgt auf der Grundlage der Standardvertragsklauseln (SCC) der Europ\u00e4ischen Kommission. Details findest du hier: <a href=\"https:\/\/www.tiktok.com\/legal\/privacy-policy?lang=en\" target=\"_blank\" rel=\"noopener noreferrer\">https:\/\/www.tiktok.com\/legal\/privacy-policy?lang=en<\/a>.<\/p>","protected":false},"excerpt":{"rendered":"<p>Our social media appearances This privacy policy applies to the following social media presence https:\/\/www.facebook.com\/skillagility https:\/\/x.com\/skillagility https:\/\/www.instagram.com\/skillagility https:\/\/www.pinterest.de\/skillagility https:\/\/www.linkedin.com\/company\/2910864\/ https:\/\/www.youtube.com\/channel\/UC9VEbDGwablfLo9A0uk1O6A https:\/\/www.tiktok.com\/@skillagility Data processing through social networks We maintain publicly available profiles in social networks. The individual social networks we use can be found below. Social networks such as Facebook, X etc. can generally analyze your [&hellip;]<\/p>\n","protected":false},"author":2,"featured_media":0,"parent":0,"menu_order":0,"comment_status":"closed","ping_status":"closed","template":"","meta":{"_eb_attr":"","_gspb_post_css":"","_eb_data_table":"","footnotes":""},"folder":[40],"class_list":["post-999","page","type-page","status-publish","hentry"],"blocksy_meta":{"has_hero_section":"disabled","styles_descriptor":{"styles":{"desktop":"","tablet":"","mobile":""},"google_fonts":[],"version":6}},"_links":{"self":[{"href":"https:\/\/skillagility.com\/de\/wp-json\/wp\/v2\/pages\/999","targetHints":{"allow":["GET"]}}],"collection":[{"href":"https:\/\/skillagility.com\/de\/wp-json\/wp\/v2\/pages"}],"about":[{"href":"https:\/\/skillagility.com\/de\/wp-json\/wp\/v2\/types\/page"}],"author":[{"embeddable":true,"href":"https:\/\/skillagility.com\/de\/wp-json\/wp\/v2\/users\/2"}],"replies":[{"embeddable":true,"href":"https:\/\/skillagility.com\/de\/wp-json\/wp\/v2\/comments?post=999"}],"version-history":[{"count":0,"href":"https:\/\/skillagility.com\/de\/wp-json\/wp\/v2\/pages\/999\/revisions"}],"wp:attachment":[{"href":"https:\/\/skillagility.com\/de\/wp-json\/wp\/v2\/media?parent=999"}],"wp:term":[{"taxonomy":"folder","embeddable":true,"href":"https:\/\/skillagility.com\/de\/wp-json\/wp\/v2\/folder?post=999"}],"curies":[{"name":"wp","href":"https:\/\/api.w.org\/{rel}","templated":true}]}}